{"id":6,"date":"2019-03-25T12:46:29","date_gmt":"2019-03-25T15:46:29","guid":{"rendered":"https:\/\/momomoveis.com.br\/index.php\/one-page-express-pro\/"},"modified":"2022-12-31T15:25:03","modified_gmt":"2022-12-31T18:25:03","slug":"fabrica-de-moveis-planejados","status":"publish","type":"page","link":"https:\/\/momomoveis.com.br\/","title":{"rendered":"Home"},"content":{"rendered":"<div  data-label=\"a Empresa\" data-id=\"features-image-cards-section\" data-category=\"features\" class=\"features-image-cards-section\" style=\"background-color: rgb(255, 255, 255);\" id=\"a-empresa\"> <div  class=\"gridContainer\"> <div  class=\"features-image-cards-textrow\"> <div  class=\"features-image-cards-textcol dynamic-color\" data-type=\"column\"> <h2  class=\"\">Sobre a Momo M\u00f3veis<\/h2> <p  class=\"\">A Momo M\u00f3veis \u00e9 uma F\u00e1brica de M\u00f3vies com experi\u00eancia e tem como proposta proporcionar a melhor solu\u00e7\u00e3o para seus clientes em projetos residenciais e comerciais.\n<br >Somos especializados na fabrica\u00e7\u00e3o de M\u00f3veis Planejados Sob-Medida, Trabalhos Sob-Medida e Marcenaria em Geral.\n<br >Nosso lema \u00e9 obter a total satisfa\u00e7\u00e3o de nosso cliente tendo como objetivo proporcionar o melhor custo-benef\u00edcio oferecendo servi\u00e7os de qualidade com pre\u00e7o justo.\n<br >Nossa miss\u00e3o \u00e9 oferecer um trabalho de alto padr\u00e3o atuando com profissionais qualificados para atender com efici\u00eancia e principalmente com efic\u00e1cia a demanda de nossos clientes mantendo duradouras nossas rela\u00e7\u00f5es comerciais iniciadas.<\/p> <\/div> <\/div> <div  class=\"features-image-cards-innerrow flexbox-list dark-text\" data-type=\"row\"> <div  class=\"features-image-cards-cardcol cp4cols cp6cols-tablet\"> <div  class=\"features-image-cards-cardrow\"><img  decoding=\"async\" class=\"features-image-cards-featimg\" src=\"https:\/\/momomoveis.com.br\/wp-content\/uploads\/2019\/03\/projeto-cozinha.jpeg\"> <div  class=\"features-image-cards-cardtextrow\" data-type=\"column\"> <h4  class=\"\">M\u00f3veis Planejados<\/h4> <p  class=\"\">Com a ajuda de nossos arquitetos voc\u00ea visualiza seu produto pronto e ainda&nbsp; realiza altera\u00e7\u00f5es antes da instala\u00e7\u00e3o.<\/p> <hr  class=\"features-image-cards-separator\"> <\/div> <\/div> <\/div> <div  class=\"features-image-cards-cardcol cp4cols cp6cols-tablet\"> <div  class=\"features-image-cards-cardrow\"><img  decoding=\"async\" class=\"features-image-cards-featimg\" src=\"https:\/\/momomoveis.com.br\/wp-content\/uploads\/2019\/03\/cozinha-pronta.jpeg\"> <div  class=\"features-image-cards-cardtextrow\" data-type=\"column\"> <h4  class=\"\">M\u00f3veis Sob-Medida<\/h4> <p  class=\"\">Seu produto acabado \u00e9 desenvolvido sob medida exatamente de acordo com seu projeto pr\u00e9 aprovado.<\/p> <hr  class=\"features-image-cards-separator\"> <\/div> <\/div> <\/div> <div  class=\"features-image-cards-cardcol cp4cols cp6cols-tablet\"> <div  class=\"features-image-cards-cardrow\"><img  decoding=\"async\" class=\"features-image-cards-featimg\" src=\"https:\/\/momomoveis.com.br\/wp-content\/uploads\/2019\/03\/prever-capela2.jpeg\"> <div  class=\"features-image-cards-cardtextrow\" data-type=\"column\"> <h4  class=\"\">Instala\u00e7\u00e3o Comercial<\/h4> <p  class=\"\">Entre em contato com nossos atendes e solicite uma visita.<\/p> <hr  class=\"features-image-cards-separator\"> <\/div> <\/div> <\/div> <\/div> <\/div><\/div><div  data-label=\"Formas de Pagamento\" data-id=\"content-image-right\" data-category=\"content\" class=\"content-right-image-section content-image-right\" id=\"formas-de-pagamento\" style=\"background-color: rgb(255, 255, 255);\"> <div  class=\"gridContainer\"> <div  class=\"content-right-image-gridcol\"> <div  class=\"content-right-image-textcol dynamic-color\" data-type=\"column\"> <h2  class=\"\">Como posso pagar?<\/h2> <p  class=\"large_text\">\u2013 Pagamentos a vista com at\u00e9 10% de desconto\n<br >\u2013 Parcelamos no cart\u00e3o de cr\u00e9dito em at\u00e9 12x sem juros.\n<br >\u2013&nbsp;Parcelamos via Boleto em at\u00e9 10x sem juros (sujeito a consulta)<\/p> <\/div> <div  class=\"content-right-image-imgcol\" data-type=\"column\"> <img  decoding=\"async\" src=\"https:\/\/momomoveis.com.br\/wp-content\/uploads\/2019\/08\/Formas-de-pagamento.png\" class=\"\"> <\/div> <\/div> <\/div> <\/div><div  data-label=\"Install\" data-id=\"content-image-left\" data-category=\"content\" class=\"content-left-image-section content-image-left\" id=\"install\" style=\"background-color: rgb(246, 246, 246);\"> <div  class=\"gridContainer\"> <div  class=\"row\"> <div  class=\"content-left-image-imgcol\" data-type=\"column\"> <img  decoding=\"async\" src=\"https:\/\/momomoveis.com.br\/wp-content\/uploads\/2019\/03\/montadordemoveis_alinhamento4jpg.jpg\" class=\"\"> <\/div> <div  class=\"content-left-image-textcol dynamic-color\" data-type=\"column\"> <h2  class=\"\">Entrega e instala\u00e7\u00e3o.<\/h2> <p  class=\"large_text\"> Agende sua instala\u00e7\u00e3o aproveitando a oportunidade para conferir as medidas de sua obra com nossos arquitetos.<\/p> <\/div> <\/div> <\/div> <\/div>","protected":false},"excerpt":{"rendered":"<p>Sobre a Momo M\u00f3veis A Momo M\u00f3veis \u00e9 uma F\u00e1brica de M\u00f3vies com experi\u00eancia e tem como proposta proporcionar a melhor solu\u00e7\u00e3o para seus clientes em projetos residenciais e comerciais. Somos especializados na fabrica\u00e7\u00e3o de M\u00f3veis Planejados Sob-Medida, Trabalhos Sob-Medida e Marcenaria em Geral. Nosso lema \u00e9 obter a total satisfa\u00e7\u00e3o de nosso cliente tendo&hellip; <br \/> <a class=\"button small blue\" href=\"https:\/\/momomoveis.com.br\/\">Leia mais<\/a><\/p>\n","protected":false},"author":1,"featured_media":0,"parent":0,"menu_order":0,"comment_status":"closed","ping_status":"closed","template":"","meta":{"footnotes":""},"_links":{"self":[{"href":"https:\/\/momomoveis.com.br\/index.php\/wp-json\/wp\/v2\/pages\/6"}],"collection":[{"href":"https:\/\/momomoveis.com.br\/index.php\/wp-json\/wp\/v2\/pages"}],"about":[{"href":"https:\/\/momomoveis.com.br\/index.php\/wp-json\/wp\/v2\/types\/page"}],"author":[{"embeddable":true,"href":"https:\/\/momomoveis.com.br\/index.php\/wp-json\/wp\/v2\/users\/1"}],"replies":[{"embeddable":true,"href":"https:\/\/momomoveis.com.br\/index.php\/wp-json\/wp\/v2\/comments?post=6"}],"version-history":[{"count":85,"href":"https:\/\/momomoveis.com.br\/index.php\/wp-json\/wp\/v2\/pages\/6\/revisions"}],"predecessor-version":[{"id":710,"href":"https:\/\/momomoveis.com.br\/index.php\/wp-json\/wp\/v2\/pages\/6\/revisions\/710"}],"wp:attachment":[{"href":"https:\/\/momomoveis.com.br\/index.php\/wp-json\/wp\/v2\/media?parent=6"}],"curies":[{"name":"wp","href":"https:\/\/api.w.org\/{rel}","templated":true}]}}